{"id":100,"date":"2018-11-23T11:51:25","date_gmt":"2018-11-23T11:51:25","guid":{"rendered":"http:\/\/172.16.16.49\/?page_id=100"},"modified":"2019-01-21T22:36:09","modified_gmt":"2019-01-21T22:36:09","slug":"onemli-tarhiler","status":"publish","type":"page","link":"https:\/\/iktisattarihi2019.idu.edu.tr\/index.php\/onemli-tarhiler\/","title":{"rendered":"\u00d6NEML\u0130 TARiHLER"},"content":{"rendered":"<p>Kongrenin \u0130lan\u0131: 23 Kas\u0131m 2018<\/p>\n<p>\u00d6ZET G\u00d6NDER\u0130M TAR\u0130H\u0130 SONA ERM\u0130\u015eT\u0130R (En Az 500 Kelimelik Geni\u015f T\u00fcrk\u00e7e-\u0130ngilizce Bildiri \u00d6zetlerinin G\u00f6nderilmesi \u0130\u00e7in Son Tarih: 20 Ocak 2019)<\/p>\n<p>Bildiri \u00d6zetlerinin De\u011ferlendirilmesi: 21 Ocak-1 \u015eubat 2019<\/p>\n<p>Kabul Edilen Bildiri \u00d6zetlerinin \u0130lan\u0131: 4 \u015eubat 2019<\/p>\n<p>Bildiri Tam Metinlerinin G\u00f6nderilmesi \u0130\u00e7in Son Tarih: 1 Nisan 2019<\/p>\n<p>Kongrenin \u0130cras\u0131: 25-27 Nisan 2019<\/p>\n","protected":false},"excerpt":{"rendered":"<p>Kongrenin \u0130lan\u0131: 23 Kas\u0131m 2018 \u00d6ZET G\u00d6NDER\u0130M TAR\u0130H\u0130 SONA ERM\u0130\u015eT\u0130R (En Az 500 Kelimelik Geni\u015f T\u00fcrk\u00e7e-\u0130ngilizce Bildiri \u00d6zetlerinin G\u00f6nderilmesi \u0130\u00e7in Son Tarih: 20 Ocak 2019) Bildiri \u00d6zetlerinin De\u011ferlendirilmesi: 21 Ocak-1 \u015eubat 2019 Kabul Edilen Bildiri \u00d6zetlerinin \u0130lan\u0131: 4 \u015eubat 2019 Bildiri Tam Metinlerinin G\u00f6nderilmesi \u0130\u00e7in Son Tarih: 1 Nisan 2019 Kongrenin \u0130cras\u0131: 25-27 Nisan 2019<\/p>\n","protected":false},"author":1,"featured_media":0,"parent":0,"menu_order":0,"comment_status":"closed","ping_status":"closed","template":"","meta":{"footnotes":""},"class_list":["post-100","page","type-page","status-publish","hentry","nodate","item-wrap"],"_links":{"self":[{"href":"https:\/\/iktisattarihi2019.idu.edu.tr\/index.php\/wp-json\/wp\/v2\/pages\/100","targetHints":{"allow":["GET"]}}],"collection":[{"href":"https:\/\/iktisattarihi2019.idu.edu.tr\/index.php\/wp-json\/wp\/v2\/pages"}],"about":[{"href":"https:\/\/iktisattarihi2019.idu.edu.tr\/index.php\/wp-json\/wp\/v2\/types\/page"}],"author":[{"embeddable":true,"href":"https:\/\/iktisattarihi2019.idu.edu.tr\/index.php\/wp-json\/wp\/v2\/users\/1"}],"replies":[{"embeddable":true,"href":"https:\/\/iktisattarihi2019.idu.edu.tr\/index.php\/wp-json\/wp\/v2\/comments?post=100"}],"version-history":[{"count":6,"href":"https:\/\/iktisattarihi2019.idu.edu.tr\/index.php\/wp-json\/wp\/v2\/pages\/100\/revisions"}],"predecessor-version":[{"id":275,"href":"https:\/\/iktisattarihi2019.idu.edu.tr\/index.php\/wp-json\/wp\/v2\/pages\/100\/revisions\/275"}],"wp:attachment":[{"href":"https:\/\/iktisattarihi2019.idu.edu.tr\/index.php\/wp-json\/wp\/v2\/media?parent=100"}],"curies":[{"name":"wp","href":"https:\/\/api.w.org\/{rel}","templated":true}]}}