{"id":101,"date":"2018-11-23T11:51:25","date_gmt":"2018-11-23T11:51:25","guid":{"rendered":"http:\/\/172.16.16.49\/?page_id=101"},"modified":"2019-01-07T15:38:32","modified_gmt":"2019-01-07T15:38:32","slug":"katilim-ve-ozet-formu","status":"publish","type":"page","link":"https:\/\/iktisattarihi2019.idu.edu.tr\/index.php\/katilim-ve-ozet-formu\/","title":{"rendered":"KATILIM VE \u00d6ZET FORMU"},"content":{"rendered":"<p><a href=\"http:\/\/iktisattarihi1.idu.edu.tr\/wp-content\/uploads\/Kat\u0131l\u0131m-Formu-ve-\u00d6zet.docx\">KATILIM \u00d6ZET FORMUNU \u0130ND\u0130RMEK \u0130\u00c7\u0130N TIKLAYINIZ<\/a><\/p>\n<p>Kat\u0131l\u0131m \u00d6zet Formunu\u0131\u00a0 Doldurup a\u015fa\u011f\u0131daki adrese g\u00f6nderebilirsiniz;<\/p>\n<p>mustafa.ozturk@idu.edu.tr<\/p>\n","protected":false},"excerpt":{"rendered":"<p>KATILIM \u00d6ZET FORMUNU \u0130ND\u0130RMEK \u0130\u00c7\u0130N TIKLAYINIZ Kat\u0131l\u0131m \u00d6zet Formunu\u0131\u00a0 Doldurup a\u015fa\u011f\u0131daki adrese g\u00f6nderebilirsiniz; mustafa.ozturk@idu.edu.tr<\/p>\n","protected":false},"author":1,"featured_media":0,"parent":0,"menu_order":0,"comment_status":"closed","ping_status":"closed","template":"","meta":{"footnotes":""},"class_list":["post-101","page","type-page","status-publish","hentry","nodate","item-wrap"],"_links":{"self":[{"href":"https:\/\/iktisattarihi2019.idu.edu.tr\/index.php\/wp-json\/wp\/v2\/pages\/101","targetHints":{"allow":["GET"]}}],"collection":[{"href":"https:\/\/iktisattarihi2019.idu.edu.tr\/index.php\/wp-json\/wp\/v2\/pages"}],"about":[{"href":"https:\/\/iktisattarihi2019.idu.edu.tr\/index.php\/wp-json\/wp\/v2\/types\/page"}],"author":[{"embeddable":true,"href":"https:\/\/iktisattarihi2019.idu.edu.tr\/index.php\/wp-json\/wp\/v2\/users\/1"}],"replies":[{"embeddable":true,"href":"https:\/\/iktisattarihi2019.idu.edu.tr\/index.php\/wp-json\/wp\/v2\/comments?post=101"}],"version-history":[{"count":6,"href":"https:\/\/iktisattarihi2019.idu.edu.tr\/index.php\/wp-json\/wp\/v2\/pages\/101\/revisions"}],"predecessor-version":[{"id":231,"href":"https:\/\/iktisattarihi2019.idu.edu.tr\/index.php\/wp-json\/wp\/v2\/pages\/101\/revisions\/231"}],"wp:attachment":[{"href":"https:\/\/iktisattarihi2019.idu.edu.tr\/index.php\/wp-json\/wp\/v2\/media?parent=101"}],"curies":[{"name":"wp","href":"https:\/\/api.w.org\/{rel}","templated":true}]}}