{"id":96,"date":"2018-11-23T11:51:24","date_gmt":"2018-11-23T11:51:24","guid":{"rendered":"http:\/\/172.16.16.49\/?page_id=96"},"modified":"2018-11-23T11:53:39","modified_gmt":"2018-11-23T11:53:39","slug":"konu-basliklari","status":"publish","type":"page","link":"https:\/\/iktisattarihi2019.idu.edu.tr\/index.php\/konu-basliklari\/","title":{"rendered":"KONU BA\u015eLIKLARI"},"content":{"rendered":"<p>Kongre, iktisat tarihinin t\u00fcm konular\u0131na a\u00e7\u0131kt\u0131r. Eski \u00e7a\u011flardan yak\u0131n zamana kadar \u00f6zellikle Anadolu, Avrupa, Akdeniz, Asya, Orta Do\u011fu, bu meyanda; Roma, Do\u011fu Roma (Bizans), Pers, Mezopotamya, Asya-Hindistan T\u00fcrk Devletleri, M\u00fcsl\u00fcman Devletler, Sel\u00e7uklu, Osmanl\u0131, Cumhuriyet d\u00f6nemlerinin iktisad\u00ee tarihi ile ilgili konular, kongrenin konusuna dahildir. A\u015fa\u011f\u0131daki ba\u015fl\u0131klar temel konular olup, bu \u00e7er\u00e7evede farkl\u0131 bildiriler sunulabilir.<\/p>\n<p><em>\u00a0<\/em><\/p>\n<ul>\n<li>\u0130ktisad\u00ee Kurumlar (T\u0131mar, vak\u0131flar vd.)<\/li>\n<li>Kredi<\/li>\n<li>Finans Uygulamalar\u0131<\/li>\n<li>\u0130slam \u0130ktisad\u0131 ve Uygulamalar\u0131<\/li>\n<li>Para ve Fiyatlar<\/li>\n<li>N\u00fcfus ve G\u00f6\u00e7ler<\/li>\n<li>Zanaatlar ve Sanayi<\/li>\n<li>Emek ve \u00dccretler<\/li>\n<li>\u0130\u00e7 ve D\u0131\u015f Ticaret<\/li>\n<li>Ula\u015ft\u0131rma ve Haberle\u015fme<\/li>\n<li>Sosyal Meseleler<\/li>\n<li>Dil<\/li>\n<li>\u0130ktisadi Co\u011frafya<\/li>\n<li>\u0130ktisadi D\u00fc\u015f\u00fcnce<\/li>\n<li>Kent Ekonomisi<\/li>\n<li>Teknoloji-\u0130ktisat Tarihi \u0130li\u015fkisi<\/li>\n<li>K\u00fclt\u00fcr<\/li>\n<li>Tar\u0131m<\/li>\n<li>K\u0131tl\u0131klar ve Sonu\u00e7lar\u0131<\/li>\n<li>Kara ve Deniz Yollar\u0131<\/li>\n<li>Limanlar<\/li>\n<li>G\u00fcmr\u00fckler<\/li>\n<li>\u0130ktisad\u00ee Rekabet<\/li>\n<li>Ambargo ve Ablukalar<\/li>\n<li>\u0130ktisat-Siyaset \u0130li\u015fkisi\/Etkisi<\/li>\n<li>\u0130ktisat-\u0130deoloji<\/li>\n<li>S\u00f6m\u00fcrgecilik<\/li>\n<li>Sava\u015f ve Tabi\u00ee Afetlerin \u0130ktisada Etkisi<\/li>\n<\/ul>\n","protected":false},"excerpt":{"rendered":"<p>Kongre, iktisat tarihinin t\u00fcm konular\u0131na a\u00e7\u0131kt\u0131r. Eski \u00e7a\u011flardan yak\u0131n zamana kadar \u00f6zellikle Anadolu, Avrupa, Akdeniz, Asya, Orta Do\u011fu, bu meyanda; Roma, Do\u011fu Roma (Bizans), Pers, Mezopotamya, Asya-Hindistan T\u00fcrk Devletleri, M\u00fcsl\u00fcman Devletler, Sel\u00e7uklu, Osmanl\u0131, Cumhuriyet d\u00f6nemlerinin iktisad\u00ee tarihi ile ilgili konular, kongrenin konusuna dahildir. A\u015fa\u011f\u0131daki ba\u015fl\u0131klar temel konular olup, bu \u00e7er\u00e7evede farkl\u0131 bildiriler sunulabilir. \u00a0 \u0130ktisad\u00ee &hellip; <\/p>\n<p><a class=\"more-link btn\" href=\"https:\/\/iktisattarihi2019.idu.edu.tr\/index.php\/konu-basliklari\/\">Devam\u0131n\u0131 oku<\/a><\/p>\n","protected":false},"author":1,"featured_media":0,"parent":0,"menu_order":0,"comment_status":"closed","ping_status":"closed","template":"","meta":{"footnotes":""},"class_list":["post-96","page","type-page","status-publish","hentry","nodate","item-wrap"],"_links":{"self":[{"href":"https:\/\/iktisattarihi2019.idu.edu.tr\/index.php\/wp-json\/wp\/v2\/pages\/96","targetHints":{"allow":["GET"]}}],"collection":[{"href":"https:\/\/iktisattarihi2019.idu.edu.tr\/index.php\/wp-json\/wp\/v2\/pages"}],"about":[{"href":"https:\/\/iktisattarihi2019.idu.edu.tr\/index.php\/wp-json\/wp\/v2\/types\/page"}],"author":[{"embeddable":true,"href":"https:\/\/iktisattarihi2019.idu.edu.tr\/index.php\/wp-json\/wp\/v2\/users\/1"}],"replies":[{"embeddable":true,"href":"https:\/\/iktisattarihi2019.idu.edu.tr\/index.php\/wp-json\/wp\/v2\/comments?post=96"}],"version-history":[{"count":3,"href":"https:\/\/iktisattarihi2019.idu.edu.tr\/index.php\/wp-json\/wp\/v2\/pages\/96\/revisions"}],"predecessor-version":[{"id":116,"href":"https:\/\/iktisattarihi2019.idu.edu.tr\/index.php\/wp-json\/wp\/v2\/pages\/96\/revisions\/116"}],"wp:attachment":[{"href":"https:\/\/iktisattarihi2019.idu.edu.tr\/index.php\/wp-json\/wp\/v2\/media?parent=96"}],"curies":[{"name":"wp","href":"https:\/\/api.w.org\/{rel}","templated":true}]}}