{"id":97,"date":"2018-11-23T11:51:24","date_gmt":"2018-11-23T11:51:24","guid":{"rendered":"http:\/\/172.16.16.49\/?page_id=97"},"modified":"2019-02-14T16:07:29","modified_gmt":"2019-02-14T16:07:29","slug":"kurullar","status":"publish","type":"page","link":"https:\/\/iktisattarihi2019.idu.edu.tr\/index.php\/kurullar\/","title":{"rendered":"KURULLAR"},"content":{"rendered":"<table border=\"2\">\n<tbody>\n<tr>\n<td colspan=\"3\" width=\"603\"><strong>KONGRE ONURSAL BA\u015eKANI (REKT\u00d6R)<\/strong><\/td>\n<\/tr>\n<tr>\n<td width=\"123\">Prof. Dr.<\/td>\n<td width=\"161\">Bedriye TUN\u00c7S\u0130PER<\/td>\n<td width=\"320\">&nbsp;<\/td>\n<\/tr>\n<tr>\n<td colspan=\"3\" width=\"603\"><strong>KONGRE BA\u015eKANI <\/strong><\/td>\n<\/tr>\n<tr>\n<td width=\"123\">Prof. Dr.<\/td>\n<td width=\"161\">Mustafa \u00d6ZT\u00dcRK (Dekan Vekili)<\/td>\n<td width=\"320\">&nbsp;<\/td>\n<\/tr>\n<tr>\n<td colspan=\"3\" width=\"603\"><strong>&nbsp;<\/strong><strong>ONUR KURULU<\/strong><\/td>\n<\/tr>\n<tr>\n<td width=\"123\">Refik<\/td>\n<td width=\"161\">TURAN<\/td>\n<td width=\"320\">T\u00fcrk Tarih Kurum Ba\u015fkan\u0131- ANKARA<\/td>\n<\/tr>\n<tr>\n<td width=\"123\">M. Ali<\/td>\n<td width=\"161\">BEYHAN<\/td>\n<td width=\"320\">Atat\u00fcrk Ara\u015ft\u0131rma Merkezi Ba\u015fkan\u0131- ANKARA<\/td>\n<\/tr>\n<tr>\n<td width=\"123\">G\u00fclfettin<\/td>\n<td width=\"161\">\u00c7EL\u0130K<\/td>\n<td width=\"320\">Medeniyet \u00dcniversitesi Rekt\u00f6r\u00fc- \u0130STANBUL<\/td>\n<\/tr>\n<tr>\n<td width=\"123\">Sabri<\/td>\n<td width=\"161\">ORMAN<\/td>\n<td width=\"320\">T.C.Merkez Bankas\u0131- ANKARA<\/td>\n<\/tr>\n<tr>\n<td width=\"123\">Ercan<\/td>\n<td width=\"161\">UYGUR<\/td>\n<td width=\"320\">T\u00fcrk Ekonomi Kurumu Ba\u015fkan\u0131-KIBRIS<\/td>\n<\/tr>\n<tr>\n<td colspan=\"3\" width=\"603\"><strong>&nbsp;<\/strong><strong>DANI\u015eMA KURULU <\/strong><em>(Soyad\u0131 Alfabetik S\u0131raya G\u00f6re)<\/em><\/td>\n<\/tr>\n<tr>\n<td width=\"123\">\u0130dris<\/td>\n<td width=\"161\">BOSTAN<\/td>\n<td width=\"320\">\u0130stanbul \u00dcniversitesi- T\u00dcRK\u0130YE<\/td>\n<\/tr>\n<tr>\n<td width=\"123\">Yavuz<\/td>\n<td width=\"161\">CEZAR<\/td>\n<td width=\"320\">Y\u0131ld\u0131z Teknik \u00dcniversitesi (E.)- T\u00dcRK\u0130YE<\/td>\n<\/tr>\n<tr>\n<td width=\"123\">Musa<\/td>\n<td width=\"161\">\u00c7ADIRCI<\/td>\n<td width=\"320\">Ankara \u00dcniversitesi (E) &#8211;&nbsp; T\u00dcRK\u0130YE<\/td>\n<\/tr>\n<tr>\n<td width=\"123\">\u00d6zer<\/td>\n<td width=\"161\">ERGEN\u00c7<\/td>\n<td width=\"320\">Bilkent \u00dcniversitesi- T\u00dcRK\u0130YE<\/td>\n<\/tr>\n<tr>\n<td width=\"123\">Mehmet<\/td>\n<td width=\"161\">GEN\u00c7<\/td>\n<td width=\"320\">Medeniyet \u00dcniversitesi- &nbsp;T\u00dcRK\u0130YE<\/td>\n<\/tr>\n<tr>\n<td width=\"123\">Tevfik<\/td>\n<td width=\"161\">G\u00dcRAN<\/td>\n<td width=\"320\">\u0130stanbul \u00dcniversitesi (E.)- &nbsp;T\u00dcRK\u0130YE<\/td>\n<\/tr>\n<tr>\n<td width=\"123\">&nbsp;<\/td>\n<td width=\"161\">&nbsp;<\/td>\n<td width=\"320\">&nbsp;<\/td>\n<\/tr>\n<tr>\n<td width=\"123\">Necmi<\/td>\n<td width=\"161\">\u00dcLKER<\/td>\n<td width=\"320\">Ege \u00dcniversitesi (E)-&nbsp; T\u00dcRK\u0130YE<\/td>\n<\/tr>\n<tr>\n<td width=\"123\">\u015eevket<\/td>\n<td width=\"161\">PAMUK<\/td>\n<td width=\"320\">Bo\u011fazi\u00e7i \u00dcniversitesi-&nbsp; T\u00dcRK\u0130YE<\/td>\n<\/tr>\n<tr>\n<td width=\"123\">Necla<\/td>\n<td width=\"161\">PUR<\/td>\n<td width=\"320\">Marmara \u00dcniversitesi (E)- &nbsp;T\u00dcRK\u0130YE<\/td>\n<\/tr>\n<tr>\n<td width=\"123\">Ahmet G\u00fcner<\/td>\n<td width=\"161\">SAYAR<\/td>\n<td width=\"320\">\u0130stanbul \u00dcniversitesi (E)-&nbsp; T\u00dcRK\u0130YE<\/td>\n<\/tr>\n<tr>\n<td colspan=\"3\" width=\"603\"><strong>&nbsp;<\/strong><strong>B\u0130L\u0130M KURULU<\/strong><em> ( Soyad\u0131 Alfabetik S\u0131raya G\u00f6re)<\/em><\/td>\n<\/tr>\n<tr>\n<td width=\"123\">Ahmet<\/td>\n<td width=\"161\">AKSIN<\/td>\n<td width=\"320\">F\u0131rat \u00dcniversitesi -T\u00dcRK\u0130YE<\/td>\n<\/tr>\n<tr>\n<td width=\"123\">Nafiz \u0130brahim<\/td>\n<td width=\"161\">AL-AHMAR<\/td>\n<td width=\"320\">L\u00fcbnan \u00dcniversitesi &#8211; L\u00dcBNAN<\/td>\n<\/tr>\n<tr>\n<td width=\"123\">O\u011fuzhan<\/td>\n<td width=\"161\">ALTAY<\/td>\n<td width=\"320\">Ege \u00dcniversitesi -T\u00dcRK\u0130YE<\/td>\n<\/tr>\n<tr>\n<td width=\"123\">Faruk<\/td>\n<td width=\"161\">BAL<\/td>\n<td width=\"320\">Medeniyet \u00dcniversitesi -T\u00dcRK\u0130YE<\/td>\n<\/tr>\n<tr>\n<td width=\"123\">Evangelia<\/td>\n<td width=\"161\">BALTA<\/td>\n<td width=\"320\">National Hellenic Research Center- YUNAN\u0130STAN<\/td>\n<\/tr>\n<tr>\n<td width=\"123\">Murat<\/td>\n<td width=\"161\">BASKICI<\/td>\n<td width=\"320\">Ankara \u00dcniversitesi -T\u00dcRK\u0130YE<\/td>\n<\/tr>\n<tr>\n<td width=\"123\">Kaya<\/td>\n<td width=\"161\">BAYRAKTAR<\/td>\n<td width=\"320\">Yalova \u00dcniversitesi -T\u00dcRK\u0130YE<\/td>\n<\/tr>\n<tr>\n<td width=\"123\">Cherkas<\/td>\n<td width=\"161\">BORYS<\/td>\n<td width=\"320\">National Academy of Science &#8211; UKRAYNA<\/td>\n<\/tr>\n<tr>\n<td width=\"123\">Ya\u015far<\/td>\n<td width=\"161\">B\u00dcLB\u00dcL<\/td>\n<td width=\"320\">\u0130stanbul \u00dcniversitesi -T\u00dcRK\u0130YE<\/td>\n<\/tr>\n<tr>\n<td width=\"123\">Nevin<\/td>\n<td width=\"161\">CO\u015eAR<\/td>\n<td width=\"320\">Y\u0131ld\u0131z Teknik \u00dcniversitesi -T\u00dcRK\u0130YE<\/td>\n<\/tr>\n<tr>\n<td width=\"123\">Salim<\/td>\n<td width=\"161\">C\u00d6HCE<\/td>\n<td width=\"320\">\u0130n\u00f6n\u00fc \u00dcniversitesi- T\u00dcRK\u0130YE<\/td>\n<\/tr>\n<tr>\n<td width=\"123\">Engin<\/td>\n<td width=\"161\">\u00c7A\u011eMAN<\/td>\n<td width=\"320\">Band\u0131rma \u00dcniversitesi -T\u00dcRK\u0130YE<\/td>\n<\/tr>\n<tr>\n<td width=\"123\">Diren<\/td>\n<td width=\"161\">\u00c7AKMAK<\/td>\n<td width=\"320\">Hitit \u00dcniversitesi -T\u00dcRK\u0130YE<\/td>\n<\/tr>\n<tr>\n<td width=\"123\">\u015eenol<\/td>\n<td width=\"161\">\u00c7EL\u0130K<\/td>\n<td width=\"320\">Bal\u0131kkesir \u00dcniversitesi-T\u00dcRK\u0130YE<\/td>\n<\/tr>\n<tr>\n<td width=\"123\">Latif<\/td>\n<td width=\"161\">\u00c7EV\u0130KER<\/td>\n<td width=\"320\">Medeniyet \u00dcniversitesi-T\u00dcRK\u0130YE<\/td>\n<\/tr>\n<tr>\n<td width=\"123\">\u00dcmit<\/td>\n<td width=\"161\">EK\u0130N<\/td>\n<td width=\"320\">Sakarya \u00dcniversitesi-T\u00dcRK\u0130YE<\/td>\n<\/tr>\n<tr>\n<td width=\"123\">Masumeh<\/td>\n<td width=\"161\">DAE\u0130<\/td>\n<td width=\"320\">Tebriz \u00dcniversitesi-\u0130RAN<\/td>\n<\/tr>\n<tr>\n<td width=\"123\">Mustafa<\/td>\n<td width=\"161\">DA\u015e<\/td>\n<td width=\"320\">Dokuz Eyl\u00fcl \u00dcniversitesi- T\u00dcRK\u0130YE<\/td>\n<\/tr>\n<tr>\n<td width=\"123\">Geza<\/td>\n<td width=\"161\">DAV\u0130D<\/td>\n<td width=\"320\">Elte \u00dcniversitesi- MACAR\u0130STAN<\/td>\n<\/tr>\n<tr>\n<td width=\"123\">\u0130lhan<\/td>\n<td width=\"161\">EK\u0130NC\u0130<\/td>\n<td width=\"320\">Ordu \u00dcniversitesi &#8211; T\u00dcRK\u0130YE<\/td>\n<\/tr>\n<tr>\n<td width=\"123\">Mehmet Akif<\/td>\n<td width=\"161\">ERDO\u011eRU<\/td>\n<td width=\"320\">Ege \u00dcniversitesi -T\u00dcRK\u0130YE<\/td>\n<\/tr>\n<tr>\n<td width=\"123\">H\u00fcsn\u00fc<\/td>\n<td width=\"161\">ERKAN (E)<\/td>\n<td width=\"320\">9 Eyl\u00fcl \u00dcniversitesi-T\u00dcRK\u0130YE<\/td>\n<\/tr>\n<tr>\n<td width=\"123\">Cemil<\/td>\n<td width=\"161\">ERTU\u011eRUL (E)<\/td>\n<td width=\"320\">Ege \u00dcniversitesi &#8211; T\u00dcRK\u0130YE<\/td>\n<\/tr>\n<tr>\n<td width=\"123\">Turan<\/td>\n<td width=\"161\">G\u00d6K\u00c7E<\/td>\n<td width=\"320\">K\u00e2tip \u00c7elebi \u00dcniversitesi-T\u00dcRK\u0130YE<\/td>\n<\/tr>\n<tr>\n<td width=\"123\">Sadettin Ya\u011fmur<\/td>\n<td width=\"161\">G\u00d6ME\u00c7<\/td>\n<td width=\"320\">Ankara \u00dcniversitesi-T\u00dcRK\u0130YE<\/td>\n<\/tr>\n<tr>\n<td width=\"123\">Ufuk<\/td>\n<td width=\"161\">KOCABA\u015e<\/td>\n<td width=\"320\">\u0130stanbul \u00dcniversitesi &#8211; T\u00dcRK\u0130YE<\/td>\n<\/tr>\n<tr>\n<td width=\"123\">Turhan<\/td>\n<td width=\"161\">KA\u00c7AR<\/td>\n<td width=\"320\">Medeniyet \u00dcniversitesi &#8211; T\u00dcRK\u0130YE<\/td>\n<\/tr>\n<tr>\n<td width=\"123\">\u0130smail Hakk\u0131<\/td>\n<td width=\"161\">KADI<\/td>\n<td width=\"320\">Medeniyet \u00dcniversitesi &#8211; T\u00dcRK\u0130YE<\/td>\n<\/tr>\n<tr>\n<td width=\"123\">H\u00fcseyin<\/td>\n<td width=\"161\">KARAKAYALI (E)<\/td>\n<td width=\"320\">Manisa Celal Bayar \u00dcniversitesi -T\u00dcRK\u0130YE<\/td>\n<\/tr>\n<tr>\n<td width=\"123\">\u00d6mer<\/td>\n<td width=\"161\">KARAO\u011eLU<\/td>\n<td width=\"320\">\u0130stanbul \u00dcniversitesi -T\u00dcRK\u0130YE<\/td>\n<\/tr>\n<tr>\n<td width=\"123\">B\u00fc\u015fra<\/td>\n<td width=\"161\">KARATA\u015eER<\/td>\n<td width=\"320\">Nam\u0131k Kemal \u00dcniversitesi -T\u00dcRK\u0130YE<\/td>\n<\/tr>\n<tr>\n<td width=\"123\">Savsan A\u011fa<\/td>\n<td width=\"161\">KASSAB<\/td>\n<td width=\"320\">Beyrut \u00dcniversitesi- L\u00dcBNAN<\/td>\n<\/tr>\n<tr>\n<td width=\"123\">Alp Y\u00fccel<\/td>\n<td width=\"161\">KAYA<\/td>\n<td width=\"320\">Ege \u00dcniversitesi -T\u00dcRK\u0130YE<\/td>\n<\/tr>\n<tr>\n<td width=\"123\">Orhan<\/td>\n<td width=\"161\">KILI\u00c7<\/td>\n<td width=\"320\">F\u0131rat \u00dcniversitesi -T\u00dcRK\u0130YE<\/td>\n<\/tr>\n<tr>\n<td width=\"123\">Emre<\/td>\n<td width=\"161\">KILI\u00c7ASLAN<\/td>\n<td width=\"320\">Ordu \u00dcniversitesi-T\u00dcRK\u0130YE<\/td>\n<\/tr>\n<tr>\n<td width=\"123\">Murat<\/td>\n<td width=\"161\">KORALT\u00dcRK<\/td>\n<td width=\"320\">Marmara \u00dcniversitesi-T\u00dcRK\u0130YE<\/td>\n<\/tr>\n<tr>\n<td width=\"123\">Vera<\/td>\n<td width=\"161\">KOSTANT\u0130N<\/td>\n<td width=\"320\">Venedik \u00dcniversitesi- \u0130TALYA<\/td>\n<\/tr>\n<tr>\n<td width=\"123\">Yavuz<\/td>\n<td width=\"161\">K\u00d6SE<\/td>\n<td width=\"320\">Hamburg \u00dcniversitesi- ALMANYA<\/td>\n<\/tr>\n<tr>\n<td width=\"123\">\u00d6zer<\/td>\n<td width=\"161\">K\u00dcPEL\u0130<\/td>\n<td width=\"320\">K\u00e2tip \u00c7elebi \u00dcniversitesi -T\u00dcRK\u0130YE<\/td>\n<\/tr>\n<tr>\n<td width=\"123\">\u015eefik<\/td>\n<td width=\"161\">MEM\u0130\u015e<\/td>\n<td width=\"320\">\u0130stanbul Ticaret \u00dcniversitesi-T\u00dcRK\u0130YE<\/td>\n<\/tr>\n<tr>\n<td width=\"123\">\u0130brahim<\/td>\n<td width=\"161\">MURAT BOZKURT<\/td>\n<td width=\"320\">Marmara \u00dcniversitesi-T\u00dcRK\u0130YE<\/td>\n<\/tr>\n<tr>\n<td width=\"123\">Asl\u0131han<\/td>\n<td width=\"161\">NAK\u0130BO\u011eLU<\/td>\n<td width=\"320\">Ni\u011fde \u00dcniversitesi -T\u00dcRK\u0130YE<\/td>\n<\/tr>\n<tr>\n<td width=\"123\">Yusuf<\/td>\n<td width=\"161\">O\u011eUZO\u011eLU<\/td>\n<td width=\"320\">D\u00fczce \u00dcniversitesi -T\u00dcRK\u0130YE<\/td>\n<\/tr>\n<tr>\n<td width=\"123\">Rahmi Deniz<\/td>\n<td width=\"161\">\u00d6ZBAY<\/td>\n<td width=\"320\">Marmara \u00dcniversitesi -T\u00dcRK\u0130YE<\/td>\n<\/tr>\n<tr>\n<td width=\"123\">Nadir<\/td>\n<td width=\"161\">\u00d6ZBEK<\/td>\n<td width=\"320\">Bo\u011fazi\u00e7i \u00dcniversitesi -T\u00dcRK\u0130YE<\/td>\n<\/tr>\n<tr>\n<td width=\"123\">Muharrem<\/td>\n<td width=\"161\">\u00d6ZTEL<\/td>\n<td width=\"320\">K\u0131rklareli \u00dcniversitesi -T\u00dcRK\u0130YE<\/td>\n<\/tr>\n<tr>\n<td width=\"123\">Murat<\/td>\n<td width=\"161\">\u00d6ZT\u00dcRK<\/td>\n<td width=\"320\">\u0130n\u00f6n\u00fc \u00dcniversitesi &#8211; T\u00dcRK\u0130YE<\/td>\n<\/tr>\n<tr>\n<td width=\"123\">Mustafa<\/td>\n<td width=\"161\">\u00d6ZT\u00dcRK<\/td>\n<td width=\"320\">\u0130zmir Demokrasi \u00dcniversitesi -T\u00dcRK\u0130YE<\/td>\n<\/tr>\n<tr>\n<td width=\"123\">Y\u00fccel<\/td>\n<td width=\"161\">\u00d6ZT\u00dcRK<\/td>\n<td width=\"320\">Sakarya \u00dcniversitesi -T\u00dcRK\u0130YE<\/td>\n<\/tr>\n<tr>\n<td width=\"123\">Maria Pia<\/td>\n<td width=\"161\">PEDAN\u0130<\/td>\n<td width=\"320\">Venedik \u00dcniversitesi-\u0130TALYA<\/td>\n<\/tr>\n<tr>\n<td width=\"123\">\u0130brahim<\/td>\n<td width=\"161\">SADAV\u0130<\/td>\n<td width=\"320\">Tunus \u00dcniversitesi- TUNUS<\/td>\n<\/tr>\n<tr>\n<td width=\"123\">Ariel<\/td>\n<td width=\"161\">SALZMANN<\/td>\n<td width=\"320\">Queen \u00dcniversitesi &#8211; KANADA<\/td>\n<\/tr>\n<tr>\n<td width=\"123\">S\u00fcheyl<\/td>\n<td width=\"161\">SAPAN<\/td>\n<td width=\"320\">King Saud \u00dcniversitesi- SUUD\u0130 ARAB\u0130STAN<\/td>\n<\/tr>\n<tr>\n<td width=\"123\">Emine Beyza<\/td>\n<td width=\"161\">SATO\u011eLU<\/td>\n<td width=\"320\">\u0130zmir k\u00e2tip \u00c7elebi \u00dcniversitesi -T\u00dcRK\u0130YE<\/td>\n<\/tr>\n<tr>\n<td width=\"123\">Sayed Mahmud<\/td>\n<td width=\"161\">SAYED<\/td>\n<td width=\"320\">\u0130skenderiye \u00dcniversitesi &#8211; MISIR<\/td>\n<\/tr>\n<tr>\n<td width=\"123\">Fahri<\/td>\n<td width=\"161\">SOLAK<\/td>\n<td width=\"320\">Marmara \u00dcniversitesi -T\u00dcRK\u0130YE<\/td>\n<\/tr>\n<tr>\n<td width=\"123\">Viacheslav<\/td>\n<td width=\"161\">STANISLAVSKYI<\/td>\n<td width=\"320\">National Academy of Science -UKRAYNA<\/td>\n<\/tr>\n<tr>\n<td width=\"123\">Fatma<\/td>\n<td width=\"161\">\u015e\u0130M\u015eEK<\/td>\n<td width=\"320\">Akdeniz \u00dcniversitesi -T\u00dcRK\u0130YE<\/td>\n<\/tr>\n<tr>\n<td width=\"123\">Ahmet<\/td>\n<td width=\"161\">\u015e\u0130M\u015eEK<\/td>\n<td width=\"320\">\u0130stanbul \u00dcniversitesi -T\u00dcRK\u0130YE<\/td>\n<\/tr>\n<tr>\n<td width=\"123\">Mehmet Sait<\/td>\n<td width=\"161\">T\u00dcRKHAN<\/td>\n<td width=\"320\">\u0130stanbul \u00dcniversitesi-T\u00dcRK\u0130YE<\/td>\n<\/tr>\n<tr>\n<td width=\"123\">T\u00fcrkmen<\/td>\n<td width=\"161\">T\u00d6REL\u0130<\/td>\n<td width=\"320\">9 Eyl\u00fcl \u00dcniversitesi -T\u00dcRK\u0130YE<\/td>\n<\/tr>\n<tr>\n<td width=\"123\">Arzu<\/td>\n<td width=\"161\">VARLI B\u0130NAGUL<\/td>\n<td width=\"320\">Marmara \u00dcniversitesi -T\u00dcRK\u0130YE<\/td>\n<\/tr>\n<tr>\n<td width=\"123\">Fehmi<\/td>\n<td width=\"161\">YILMAZ<\/td>\n<td width=\"320\">Medeniyet \u00dcniversitesi -T\u00dcRK\u0130YE<\/td>\n<\/tr>\n<tr>\n<td width=\"123\">Fikret<\/td>\n<td width=\"161\">YILMAZ<\/td>\n<td width=\"320\">Bah\u00e7e\u015fehir \u00dcniversitesi -T\u00dcRK\u0130YE<\/td>\n<\/tr>\n<tr>\n<td width=\"123\">\u0130brahim<\/td>\n<td width=\"161\">YILMAZ\u00c7EL\u0130K<\/td>\n<td width=\"320\">F\u0131rat \u00dcniversitesi -T\u00dcRK\u0130YE<\/td>\n<\/tr>\n<tr>\n<td width=\"123\">Olesia<\/td>\n<td width=\"161\">ZHDANOVYCH<\/td>\n<td width=\"320\">Taras Shevchenko National University of Kyiv -UKRAYNA<\/td>\n<\/tr>\n<tr>\n<td colspan=\"3\" width=\"603\"><strong>&nbsp;<\/strong>&nbsp;&nbsp;<\/p>\n<p><strong>D\u00dcZENLEME KURULU<\/strong><\/td>\n<\/tr>\n<tr>\n<td colspan=\"2\" width=\"283\">Rahmi Deniz \u00d6ZBAY<\/td>\n<td width=\"320\">T\u0130TAP-Marmara \u00dcniversitesi<\/td>\n<\/tr>\n<tr>\n<td colspan=\"2\" width=\"283\">Fahri SOLAK<\/td>\n<td width=\"320\">T\u0130TAP-Marmara \u00dcniversites<\/td>\n<\/tr>\n<tr>\n<td colspan=\"2\" width=\"283\">Cevdet Alptekin KAYALI<\/td>\n<td width=\"320\">\u0130zmir Demokrasi \u00dcniversitesi-T\u00dcRK\u0130YE<\/td>\n<\/tr>\n<tr>\n<td colspan=\"2\" width=\"283\">Abdullah KUZU<\/td>\n<td width=\"320\">\u0130zmir Demokrasi \u00dcniversitesi&#8211;T\u00dcRK\u0130YE<\/td>\n<\/tr>\n<tr>\n<td colspan=\"2\" width=\"283\">Ferhat TOPBA\u015e<\/td>\n<td width=\"320\">\u0130zmir Demokrasi \u00dcniversitesi&#8211;T\u00dcRK\u0130YE<\/td>\n<\/tr>\n<tr>\n<td colspan=\"2\" width=\"283\">Ferhan SAYIN<\/td>\n<td width=\"320\">\u0130zmir Demokrasi \u00dcniversitesi&#8211;T\u00dcRK\u0130YE<\/td>\n<\/tr>\n<tr>\n<td colspan=\"2\" width=\"283\"><strong>&nbsp;<\/strong>&nbsp;&nbsp;<\/p>\n<p><strong>KONGRE SEKRETER\u0130<\/strong><\/td>\n<td width=\"320\"><strong>&nbsp;<\/strong><\/td>\n<\/tr>\n<tr>\n<td width=\"123\">Ay\u015fe<\/td>\n<td width=\"161\">DE\u011eERL\u0130<\/td>\n<td width=\"320\">\u0130zmir Demokrasi \u00dcniversitesi&#8211;T\u00dcRK\u0130YE<\/td>\n<\/tr>\n<tr>\n<td colspan=\"2\" width=\"283\"><strong>&nbsp;<\/strong>&nbsp;&nbsp;<\/p>\n<p><strong>Y\u00dcR\u00dcTME KURULU<\/strong><\/td>\n<td width=\"320\"><strong>&nbsp;<\/strong><\/td>\n<\/tr>\n<tr>\n<td width=\"123\">Funda<\/td>\n<td width=\"161\">ADITATAR<\/td>\n<td width=\"320\">\u0130zmir Demokrasi \u00dcniversitesi&#8211;T\u00dcRK\u0130YE<\/td>\n<\/tr>\n<tr>\n<td width=\"123\">Beral<\/td>\n<td width=\"161\">ALACI<\/td>\n<td width=\"320\">\u0130zmir Demokrasi \u00dcniversitesi&#8211;T\u00dcRK\u0130YE<\/td>\n<\/tr>\n<tr>\n<td width=\"123\">Didem<\/td>\n<td width=\"161\">DUMAN<\/td>\n<td width=\"320\">\u0130zmir Demokrasi \u00dcniversitesi&#8211;T\u00dcRK\u0130YE<\/td>\n<\/tr>\n<tr>\n<td width=\"123\">Ekin<\/td>\n<td width=\"161\">ERDEM<\/td>\n<td width=\"320\">\u0130zmir Demokrasi \u00dcniversitesi&#8211;T\u00dcRK\u0130YE<\/td>\n<\/tr>\n<tr>\n<td width=\"123\">Tu\u011f\u00e7e<\/td>\n<td width=\"161\">ERSOY<\/td>\n<td width=\"320\">\u0130zmir Demokrasi \u00dcniversitesi&#8211;T\u00dcRK\u0130YE<\/td>\n<\/tr>\n<tr>\n<td width=\"123\">G\u00f6khan<\/td>\n<td width=\"161\">DUMAN<\/td>\n<td width=\"320\">\u0130zmir Demokrasi \u00dcniversitesi&#8211;T\u00dcRK\u0130YE<\/td>\n<\/tr>\n<\/tbody>\n<\/table>\n","protected":false},"excerpt":{"rendered":"<p>KONGRE ONURSAL BA\u015eKANI (REKT\u00d6R) Prof. Dr. Bedriye TUN\u00c7S\u0130PER &nbsp; KONGRE BA\u015eKANI Prof. Dr. Mustafa \u00d6ZT\u00dcRK (Dekan Vekili) &nbsp; &nbsp;ONUR KURULU Refik TURAN T\u00fcrk Tarih Kurum Ba\u015fkan\u0131- ANKARA M. Ali BEYHAN Atat\u00fcrk Ara\u015ft\u0131rma Merkezi Ba\u015fkan\u0131- ANKARA G\u00fclfettin \u00c7EL\u0130K Medeniyet \u00dcniversitesi Rekt\u00f6r\u00fc- \u0130STANBUL Sabri ORMAN T.C.Merkez Bankas\u0131- ANKARA Ercan UYGUR T\u00fcrk Ekonomi Kurumu Ba\u015fkan\u0131-KIBRIS &nbsp;DANI\u015eMA KURULU (Soyad\u0131 &hellip; <\/p>\n<p><a class=\"more-link btn\" href=\"https:\/\/iktisattarihi2019.idu.edu.tr\/index.php\/kurullar\/\">Devam\u0131n\u0131 oku<\/a><\/p>\n","protected":false},"author":1,"featured_media":0,"parent":0,"menu_order":0,"comment_status":"closed","ping_status":"closed","template":"","meta":{"footnotes":""},"class_list":["post-97","page","type-page","status-publish","hentry","nodate","item-wrap"],"_links":{"self":[{"href":"https:\/\/iktisattarihi2019.idu.edu.tr\/index.php\/wp-json\/wp\/v2\/pages\/97","targetHints":{"allow":["GET"]}}],"collection":[{"href":"https:\/\/iktisattarihi2019.idu.edu.tr\/index.php\/wp-json\/wp\/v2\/pages"}],"about":[{"href":"https:\/\/iktisattarihi2019.idu.edu.tr\/index.php\/wp-json\/wp\/v2\/types\/page"}],"author":[{"embeddable":true,"href":"https:\/\/iktisattarihi2019.idu.edu.tr\/index.php\/wp-json\/wp\/v2\/users\/1"}],"replies":[{"embeddable":true,"href":"https:\/\/iktisattarihi2019.idu.edu.tr\/index.php\/wp-json\/wp\/v2\/comments?post=97"}],"version-history":[{"count":20,"href":"https:\/\/iktisattarihi2019.idu.edu.tr\/index.php\/wp-json\/wp\/v2\/pages\/97\/revisions"}],"predecessor-version":[{"id":282,"href":"https:\/\/iktisattarihi2019.idu.edu.tr\/index.php\/wp-json\/wp\/v2\/pages\/97\/revisions\/282"}],"wp:attachment":[{"href":"https:\/\/iktisattarihi2019.idu.edu.tr\/index.php\/wp-json\/wp\/v2\/media?parent=97"}],"curies":[{"name":"wp","href":"https:\/\/api.w.org\/{rel}","templated":true}]}}